{"id":2217,"date":"2024-11-18T12:15:40","date_gmt":"2024-11-18T12:15:40","guid":{"rendered":"https:\/\/metasoft3d.ro\/?page_id=2217"},"modified":"2024-11-18T12:23:45","modified_gmt":"2024-11-18T12:23:45","slug":"metasoft-3d-cauta-noi-talente","status":"publish","type":"page","link":"https:\/\/metasoft3d.ro\/pt\/metasoft-3d-cauta-noi-talente\/","title":{"rendered":"METASOFT 3D Cauta noi talente"},"content":{"rendered":"<div data-elementor-type=\"wp-page\" data-elementor-id=\"2217\" class=\"elementor elementor-2217\" data-elementor-post-type=\"page\">\n\t\t\t\t\t\t<section class=\"elementor-section elementor-top-section elementor-element elementor-element-6ed4200 elementor-section-stretched elementor-section-boxed elementor-section-height-default elementor-section-height-default\" data-id=\"6ed4200\" data-element_type=\"section\" data-e-type=\"section\" data-settings=\"{&quot;stretch_section&quot;:&quot;section-stretched&quot;}\">\n\t\t\t\t\t\t<div class=\"elementor-container elementor-column-gap-default\">\n\t\t\t\t\t<div class=\"elementor-column elementor-col-100 elementor-top-column elementor-element elementor-element-6e19a1a\" data-id=\"6e19a1a\" data-element_type=\"column\" data-e-type=\"column\">\n\t\t\t<div class=\"elementor-widget-wrap elementor-element-populated\">\n\t\t\t\t\t\t<div class=\"elementor-element elementor-element-993d2e0 elementor-widget__width-initial elementor-widget elementor-widget-text-editor\" data-id=\"993d2e0\" data-element_type=\"widget\" data-e-type=\"widget\" data-widget_type=\"text-editor.default\">\n\t\t\t\t<div class=\"elementor-widget-container\">\n\t\t\t\t\t\t\t\t\t<h3><strong>\u2728 Al\u0103tur\u0103-te echipei METASOFT 3D! \ud83d\ude80<\/strong><\/h3><p>Dac\u0103 e\u0219ti pasionat de tehnologie \u0219i \u00ee\u021bi dore\u0219ti s\u0103 evoluezi \u00eentr-un mediu dinamic, <em>METASOFT 3D<\/em> te a\u0219teapt\u0103! Suntem \u00een c\u0103utarea unor talente care s\u0103 \u00ee\u0219i pun\u0103 amprenta pe viitorul digital.<\/p><p><strong>Angaj\u0103m programatori<\/strong> cu cuno\u0219tin\u021be \u00een urm\u0103toarele tehnologii:<br \/>\ud83d\udd39 <strong>C#<\/strong><br \/>\ud83d\udd39 <strong>C++<\/strong><br \/>\ud83d\udd39 <strong>Java<\/strong><br \/>\ud83d\udd39 <strong>Python<\/strong><br \/>\ud83d\udd39 <strong>MySQL<\/strong><br \/>\ud83d\udd39 <strong>PHP<\/strong><br \/>\ud83d\udd39 <strong>HTML<\/strong><br \/>\ud83d\udd39 <strong>ASP.NET<\/strong><\/p><p>Dac\u0103 e\u0219ti la \u00eenceput de drum sau ai deja experien\u021b\u0103, avem loc pentru tine! Oferim un mediu de lucru inovativ, oportunit\u0103\u021bi de \u00eenv\u0103\u021bare continu\u0103 \u0219i o echip\u0103 prietenoas\u0103.<\/p><p><strong>Ce \u00ee\u021bi oferim:<\/strong><br \/>\u2714\ufe0f Proiecte interesante \u0219i provocatoare<br \/>\u2714\ufe0f Posibilitatea de a colabora cu profesioni\u0219ti din industrie \u0219i de a-\u021bi perfec\u021biona abilit\u0103\u021bile tehnice<br \/>\u2714\ufe0f Traininguri \u0219i suport constant pentru dezvoltarea ta profesional\u0103<br \/>\u2714\ufe0f Pachet atractiv \u0219i beneficii suplimentare<br \/>\u2714\ufe0f Un mediu de lucru colaborativ \u0219i flexibil<\/p><p><strong>Cum te po\u021bi al\u0103tura echipei noastre?<\/strong><br \/>Trimite-ne CV-ul t\u0103u la:<br \/><a href=\"mailto:hr@metasoft3d.ro\" rel=\"noopener\"><strong>hr@metasoft3d.ro<\/strong><\/a><\/p><p>Sau sun\u0103-ne direct pentru informa\u021bii suplimentare la:<br \/><a href=\"tel:+40762149148\" rel=\"noopener\">+40762149148<\/a><\/p><p>Dac\u0103 vrei s\u0103 faci parte dintr-o echip\u0103 t\u00e2n\u0103r\u0103 \u0219i dinamic\u0103, nu mai sta pe g\u00e2nduri! A\u0219tept\u0103m cu ner\u0103bdare s\u0103 te cunoa\u0219tem!<\/p><p><strong>METASOFT 3D<\/strong> &#8211; Transform\u0103m ideile \u00een realitate!<\/p>\t\t\t\t\t\t\t\t<\/div>\n\t\t\t\t<\/div>\n\t\t\t\t\t<\/div>\n\t\t<\/div>\n\t\t\t\t\t<\/div>\n\t\t<\/section>\n\t\t\t\t<\/div>","protected":false},"excerpt":{"rendered":"<p>\u2728 Al\u0103tur\u0103-te echipei METASOFT 3D! \ud83d\ude80 Dac\u0103 e\u0219ti pasionat de tehnologie \u0219i \u00ee\u021bi dore\u0219ti s\u0103 evoluezi \u00eentr-un mediu dinamic, METASOFT 3D te a\u0219teapt\u0103! Suntem \u00een c\u0103utarea unor talente care s\u0103 \u00ee\u0219i pun\u0103 amprenta pe viitorul digital. Angaj\u0103m programatori cu cuno\u0219tin\u021be \u00een urm\u0103toarele tehnologii:\ud83d\udd39 C#\ud83d\udd39 C++\ud83d\udd39 Java\ud83d\udd39 Python\ud83d\udd39 MySQL\ud83d\udd39 PHP\ud83d\udd39 HTML\ud83d\udd39 ASP.NET Dac\u0103 e\u0219ti la \u00eenceput<\/p>","protected":false},"author":1,"featured_media":0,"parent":0,"menu_order":0,"comment_status":"closed","ping_status":"closed","template":"","meta":{"footnotes":""},"class_list":["post-2217","page","type-page","status-publish","hentry"],"_links":{"self":[{"href":"https:\/\/metasoft3d.ro\/pt\/wp-json\/wp\/v2\/pages\/2217","targetHints":{"allow":["GET"]}}],"collection":[{"href":"https:\/\/metasoft3d.ro\/pt\/wp-json\/wp\/v2\/pages"}],"about":[{"href":"https:\/\/metasoft3d.ro\/pt\/wp-json\/wp\/v2\/types\/page"}],"author":[{"embeddable":true,"href":"https:\/\/metasoft3d.ro\/pt\/wp-json\/wp\/v2\/users\/1"}],"replies":[{"embeddable":true,"href":"https:\/\/metasoft3d.ro\/pt\/wp-json\/wp\/v2\/comments?post=2217"}],"version-history":[{"count":9,"href":"https:\/\/metasoft3d.ro\/pt\/wp-json\/wp\/v2\/pages\/2217\/revisions"}],"predecessor-version":[{"id":2227,"href":"https:\/\/metasoft3d.ro\/pt\/wp-json\/wp\/v2\/pages\/2217\/revisions\/2227"}],"wp:attachment":[{"href":"https:\/\/metasoft3d.ro\/pt\/wp-json\/wp\/v2\/media?parent=2217"}],"curies":[{"name":"wp","href":"https:\/\/api.w.org\/{rel}","templated":true}]}}